{"id":1655,"date":"2021-01-11T22:07:50","date_gmt":"2021-01-11T19:07:50","guid":{"rendered":"https:\/\/flow.amirelion.com\/contact\/"},"modified":"2023-09-05T12:36:33","modified_gmt":"2023-09-05T09:36:33","slug":"contact","status":"publish","type":"page","link":"https:\/\/flow.amirelion.com\/sv\/contact\/","title":{"rendered":"Contact"},"content":{"rendered":"\t\t<div data-elementor-type=\"wp-page\" data-elementor-id=\"1655\" class=\"elementor elementor-1655\">\n\t\t\t\t\t\t<section class=\"elementor-section elementor-top-section elementor-element elementor-element-b521595 elementor-section-boxed elementor-section-height-default elementor-section-height-default\" data-id=\"b521595\" data-element_type=\"section\" data-e-type=\"section\">\n\t\t\t\t\t\t<div class=\"elementor-container elementor-column-gap-default\">\n\t\t\t\t\t<div class=\"elementor-column elementor-col-100 elementor-top-column elementor-element elementor-element-6a19dad\" data-id=\"6a19dad\" data-element_type=\"column\" data-e-type=\"column\">\n\t\t\t<div class=\"elementor-widget-wrap elementor-element-populated\">\n\t\t\t\t\t\t<div class=\"elementor-element elementor-element-647150b elementor-widget elementor-widget-heading\" data-id=\"647150b\" data-element_type=\"widget\" data-e-type=\"widget\" data-widget_type=\"heading.default\">\n\t\t\t\t<div class=\"elementor-widget-container\">\n\t\t\t\t\t<h2 class=\"elementor-heading-title elementor-size-large\">Kontakta mig<\/h2>\t\t\t\t<\/div>\n\t\t\t\t<\/div>\n\t\t\t\t\t<\/div>\n\t\t<\/div>\n\t\t\t\t\t<\/div>\n\t\t<\/section>\n\t\t\t\t<section class=\"elementor-section elementor-top-section elementor-element elementor-element-8818a03 elementor-section-boxed elementor-section-height-default elementor-section-height-default\" data-id=\"8818a03\" data-element_type=\"section\" data-e-type=\"section\">\n\t\t\t\t\t\t<div class=\"elementor-container elementor-column-gap-default\">\n\t\t\t\t\t<div class=\"elementor-column elementor-col-100 elementor-top-column elementor-element elementor-element-d61950e\" data-id=\"d61950e\" data-element_type=\"column\" data-e-type=\"column\">\n\t\t\t<div class=\"elementor-widget-wrap elementor-element-populated\">\n\t\t\t\t\t\t<div class=\"elementor-element elementor-element-a2e4e88 elementor-widget elementor-widget-text-editor\" data-id=\"a2e4e88\" data-element_type=\"widget\" data-e-type=\"widget\" data-widget_type=\"text-editor.default\">\n\t\t\t\t<div class=\"elementor-widget-container\">\n\t\t\t\t\t\t\t\t\t<p>Anv\u00e4nd formul\u00e4ret nedan f\u00f6r att kontakta mig med fr\u00e5gor eller \u00f6nskem\u00e5l:<\/p>\t\t\t\t\t\t\t\t<\/div>\n\t\t\t\t<\/div>\n\t\t\t\t<div class=\"elementor-element elementor-element-5e57267 elementor-widget elementor-widget-wpforms\" data-id=\"5e57267\" data-element_type=\"widget\" data-e-type=\"widget\" data-widget_type=\"wpforms.default\">\n\t\t\t\t<div class=\"elementor-widget-container\">\n\t\t\t\t\t<div class=\"wpforms-container wpforms-container-full\" id=\"wpforms-1768\"><form id=\"wpforms-form-1768\" class=\"wpforms-validate wpforms-form\" data-formid=\"1768\" method=\"post\" enctype=\"multipart\/form-data\" action=\"\/sv\/wp-json\/wp\/v2\/pages\/1655\" data-token=\"34dadd70df4d62a51dbb5c2a418f970c\" data-token-time=\"1777302892\"><noscript class=\"wpforms-error-noscript\">Aktivera JavaScript i din webbl\u00e4sare f\u00f6r att fylla i formul\u00e4ret.<\/noscript><div class=\"wpforms-field-container\"><div id=\"wpforms-1768-field_0-container\" class=\"wpforms-field wpforms-field-name\" data-field-id=\"0\"><label class=\"wpforms-field-label wpforms-label-hide\" for=\"wpforms-1768-field_0\">Ditt namn <span class=\"wpforms-required-label\">*<\/span><\/label><input type=\"text\" id=\"wpforms-1768-field_0\" class=\"wpforms-field-large wpforms-field-required\" name=\"wpforms[fields][0]\" placeholder=\"Ditt fullst\u00e4ndiga namn\" required><\/div><div id=\"wpforms-1768-field_1-container\" class=\"wpforms-field wpforms-field-email\" data-field-id=\"1\"><label class=\"wpforms-field-label wpforms-label-hide\" for=\"wpforms-1768-field_1\">E-post <span class=\"wpforms-required-label\">*<\/span><\/label><input type=\"email\" id=\"wpforms-1768-field_1\" class=\"wpforms-field-large wpforms-field-required\" name=\"wpforms[fields][1]\" placeholder=\"Din e-postadress\" spellcheck=\"false\" required><\/div><div id=\"wpforms-1768-field_2-container\" class=\"wpforms-field wpforms-field-textarea\" data-field-id=\"2\"><label class=\"wpforms-field-label wpforms-label-hide\" for=\"wpforms-1768-field_2\">Kommentar eller meddelande <span class=\"wpforms-required-label\">*<\/span><\/label><textarea id=\"wpforms-1768-field_2\" class=\"wpforms-field-medium wpforms-field-required\" name=\"wpforms[fields][2]\" placeholder=\"Skriv ditt meddelande h\u00e4r\" required><\/textarea><\/div><\/div><!-- .wpforms-field-container --><div class=\"wpforms-field wpforms-field-hp\"><label for=\"wpforms-1768-field-hp\" class=\"wpforms-field-label\">Comment<\/label><input type=\"text\" name=\"wpforms[hp]\" id=\"wpforms-1768-field-hp\" class=\"wpforms-field-medium\"><\/div><div class=\"wpforms-submit-container\" ><input type=\"hidden\" name=\"wpforms[id]\" value=\"1768\"><input type=\"hidden\" name=\"page_title\" value=\"\"><input type=\"hidden\" name=\"page_url\" value=\"https:\/\/flow.amirelion.com\/sv\/wp-json\/wp\/v2\/pages\/1655\"><input type=\"hidden\" name=\"url_referer\" value=\"\"><button type=\"submit\" name=\"wpforms[submit]\" id=\"wpforms-submit-1768\" class=\"wpforms-submit\" data-alt-text=\"S\u00e4ndning...\" data-submit-text=\"Kontakta mig\" aria-live=\"assertive\" value=\"wpforms-submit\">Kontakta mig<\/button><\/div><\/form><\/div>  <!-- .wpforms-container -->\t\t\t\t<\/div>\n\t\t\t\t<\/div>\n\t\t\t\t\t<\/div>\n\t\t<\/div>\n\t\t\t\t\t<\/div>\n\t\t<\/section>\n\t\t\t\t<\/div>\n\t\t","protected":false},"excerpt":{"rendered":"<p>Kontakta mig Anv\u00e4nd formul\u00e4ret nedan f\u00f6r att kontakta mig med fr\u00e5gor eller \u00f6nskem\u00e5l: Aktivera JavaScript i din webbl\u00e4sare f\u00f6r att slutf\u00f6ra detta formul\u00e4r.Ditt namn *E-post *Kommentar eller meddelande *Message Kontakta mig<\/p>\n","protected":false},"author":1,"featured_media":0,"parent":0,"menu_order":0,"comment_status":"closed","ping_status":"closed","template":"","meta":{"ocean_post_layout":"","ocean_both_sidebars_style":"","ocean_both_sidebars_content_width":0,"ocean_both_sidebars_sidebars_width":0,"ocean_sidebar":"0","ocean_second_sidebar":"0","ocean_disable_margins":"enable","ocean_add_body_class":"","ocean_shortcode_before_top_bar":"","ocean_shortcode_after_top_bar":"","ocean_shortcode_before_header":"","ocean_shortcode_after_header":"","ocean_has_shortcode":"","ocean_shortcode_after_title":"","ocean_shortcode_before_footer_widgets":"","ocean_shortcode_after_footer_widgets":"","ocean_shortcode_before_footer_bottom":"","ocean_shortcode_after_footer_bottom":"","ocean_display_top_bar":"default","ocean_display_header":"default","ocean_header_style":"","ocean_center_header_left_menu":"0","ocean_custom_header_template":"0","ocean_custom_logo":0,"ocean_custom_retina_logo":0,"ocean_custom_logo_max_width":0,"ocean_custom_logo_tablet_max_width":0,"ocean_custom_logo_mobile_max_width":0,"ocean_custom_logo_max_height":0,"ocean_custom_logo_tablet_max_height":0,"ocean_custom_logo_mobile_max_height":0,"ocean_header_custom_menu":"0","ocean_menu_typo_font_family":"0","ocean_menu_typo_font_subset":"","ocean_menu_typo_font_size":0,"ocean_menu_typo_font_size_tablet":0,"ocean_menu_typo_font_size_mobile":0,"ocean_menu_typo_font_size_unit":"px","ocean_menu_typo_font_weight":"","ocean_menu_typo_font_weight_tablet":"","ocean_menu_typo_font_weight_mobile":"","ocean_menu_typo_transform":"","ocean_menu_typo_transform_tablet":"","ocean_menu_typo_transform_mobile":"","ocean_menu_typo_line_height":0,"ocean_menu_typo_line_height_tablet":0,"ocean_menu_typo_line_height_mobile":0,"ocean_menu_typo_line_height_unit":"","ocean_menu_typo_spacing":0,"ocean_menu_typo_spacing_tablet":0,"ocean_menu_typo_spacing_mobile":0,"ocean_menu_typo_spacing_unit":"","ocean_menu_link_color":"","ocean_menu_link_color_hover":"","ocean_menu_link_color_active":"","ocean_menu_link_background":"","ocean_menu_link_hover_background":"","ocean_menu_link_active_background":"","ocean_menu_social_links_bg":"","ocean_menu_social_hover_links_bg":"","ocean_menu_social_links_color":"","ocean_menu_social_hover_links_color":"","ocean_disable_title":"default","ocean_disable_heading":"default","ocean_post_title":"","ocean_post_subheading":"","ocean_post_title_style":"","ocean_post_title_background_color":"","ocean_post_title_background":0,"ocean_post_title_bg_image_position":"","ocean_post_title_bg_image_attachment":"","ocean_post_title_bg_image_repeat":"","ocean_post_title_bg_image_size":"","ocean_post_title_height":0,"ocean_post_title_bg_overlay":0.5,"ocean_post_title_bg_overlay_color":"","ocean_disable_breadcrumbs":"default","ocean_breadcrumbs_color":"","ocean_breadcrumbs_separator_color":"","ocean_breadcrumbs_links_color":"","ocean_breadcrumbs_links_hover_color":"","ocean_display_footer_widgets":"default","ocean_display_footer_bottom":"default","ocean_custom_footer_template":"0","cybocfi_hide_featured_image":"","footnotes":""},"class_list":["post-1655","page","type-page","status-publish","hentry","entry"],"yoast_head":"<!-- This site is optimized with the Yoast SEO plugin v26.9 - https:\/\/yoast.com\/product\/yoast-seo-wordpress\/ -->\n<title>Contact - Flow<\/title>\n<meta name=\"robots\" content=\"index, follow, max-snippet:-1, max-image-preview:large, max-video-preview:-1\" \/>\n<link rel=\"canonical\" href=\"https:\/\/flow.amirelion.com\/sv\/contact\/\" \/>\n<meta property=\"og:locale\" content=\"sv_SE\" \/>\n<meta property=\"og:type\" content=\"article\" \/>\n<meta property=\"og:title\" content=\"Contact - Flow\" \/>\n<meta property=\"og:description\" content=\"Kontakta mig Anv\u00e4nd formul\u00e4ret nedan f\u00f6r att kontakta mig med fr\u00e5gor eller \u00f6nskem\u00e5l: Aktivera JavaScript i din webbl\u00e4sare f\u00f6r att slutf\u00f6ra detta formul\u00e4r.Ditt namn *E-post *Kommentar eller meddelande *Message Kontakta mig\" \/>\n<meta property=\"og:url\" content=\"https:\/\/flow.amirelion.com\/sv\/contact\/\" \/>\n<meta property=\"og:site_name\" content=\"Flow\" \/>\n<meta property=\"article:modified_time\" content=\"2023-09-05T09:36:33+00:00\" \/>\n<meta name=\"twitter:card\" content=\"summary_large_image\" \/>\n<script type=\"application\/ld+json\" class=\"yoast-schema-graph\">{\"@context\":\"https:\/\/schema.org\",\"@graph\":[{\"@type\":\"WebPage\",\"@id\":\"https:\/\/flow.amirelion.com\/sv\/contact\/\",\"url\":\"https:\/\/flow.amirelion.com\/sv\/contact\/\",\"name\":\"Contact - Flow\",\"isPartOf\":{\"@id\":\"https:\/\/flow.amirelion.com\/#website\"},\"datePublished\":\"2021-01-11T19:07:50+00:00\",\"dateModified\":\"2023-09-05T09:36:33+00:00\",\"breadcrumb\":{\"@id\":\"https:\/\/flow.amirelion.com\/sv\/contact\/#breadcrumb\"},\"inLanguage\":\"sv-SE\",\"potentialAction\":[{\"@type\":\"ReadAction\",\"target\":[\"https:\/\/flow.amirelion.com\/sv\/contact\/\"]}]},{\"@type\":\"BreadcrumbList\",\"@id\":\"https:\/\/flow.amirelion.com\/sv\/contact\/#breadcrumb\",\"itemListElement\":[{\"@type\":\"ListItem\",\"position\":1,\"name\":\"Home\",\"item\":\"https:\/\/flow.amirelion.com\/sv\/\"},{\"@type\":\"ListItem\",\"position\":2,\"name\":\"Contact\"}]},{\"@type\":\"WebSite\",\"@id\":\"https:\/\/flow.amirelion.com\/#website\",\"url\":\"https:\/\/flow.amirelion.com\/\",\"name\":\"Flow - Shiatsu Stockholm\",\"description\":\"Shiatsu Therapy\",\"publisher\":{\"@id\":\"https:\/\/flow.amirelion.com\/#organization\"},\"potentialAction\":[{\"@type\":\"SearchAction\",\"target\":{\"@type\":\"EntryPoint\",\"urlTemplate\":\"https:\/\/flow.amirelion.com\/?s={search_term_string}\"},\"query-input\":{\"@type\":\"PropertyValueSpecification\",\"valueRequired\":true,\"valueName\":\"search_term_string\"}}],\"inLanguage\":\"sv-SE\"},{\"@type\":\"Organization\",\"@id\":\"https:\/\/flow.amirelion.com\/#organization\",\"name\":\"Flow Shiatsu Therapy\",\"url\":\"https:\/\/flow.amirelion.com\/\",\"logo\":{\"@type\":\"ImageObject\",\"inLanguage\":\"sv-SE\",\"@id\":\"https:\/\/flow.amirelion.com\/#\/schema\/logo\/image\/\",\"url\":\"https:\/\/flow.amirelion.com\/wp-content\/uploads\/2020\/07\/Flow-logo-small3.png\",\"contentUrl\":\"https:\/\/flow.amirelion.com\/wp-content\/uploads\/2020\/07\/Flow-logo-small3.png\",\"width\":1640,\"height\":450,\"caption\":\"Flow Shiatsu Therapy\"},\"image\":{\"@id\":\"https:\/\/flow.amirelion.com\/#\/schema\/logo\/image\/\"}}]}<\/script>\n<!-- \/ Yoast SEO plugin. -->","yoast_head_json":{"title":"Contact - Flow","robots":{"index":"index","follow":"follow","max-snippet":"max-snippet:-1","max-image-preview":"max-image-preview:large","max-video-preview":"max-video-preview:-1"},"canonical":"https:\/\/flow.amirelion.com\/sv\/contact\/","og_locale":"sv_SE","og_type":"article","og_title":"Contact - Flow","og_description":"Kontakta mig Anv\u00e4nd formul\u00e4ret nedan f\u00f6r att kontakta mig med fr\u00e5gor eller \u00f6nskem\u00e5l: Aktivera JavaScript i din webbl\u00e4sare f\u00f6r att slutf\u00f6ra detta formul\u00e4r.Ditt namn *E-post *Kommentar eller meddelande *Message Kontakta mig","og_url":"https:\/\/flow.amirelion.com\/sv\/contact\/","og_site_name":"Flow","article_modified_time":"2023-09-05T09:36:33+00:00","twitter_card":"summary_large_image","schema":{"@context":"https:\/\/schema.org","@graph":[{"@type":"WebPage","@id":"https:\/\/flow.amirelion.com\/sv\/contact\/","url":"https:\/\/flow.amirelion.com\/sv\/contact\/","name":"Contact - Flow","isPartOf":{"@id":"https:\/\/flow.amirelion.com\/#website"},"datePublished":"2021-01-11T19:07:50+00:00","dateModified":"2023-09-05T09:36:33+00:00","breadcrumb":{"@id":"https:\/\/flow.amirelion.com\/sv\/contact\/#breadcrumb"},"inLanguage":"sv-SE","potentialAction":[{"@type":"ReadAction","target":["https:\/\/flow.amirelion.com\/sv\/contact\/"]}]},{"@type":"BreadcrumbList","@id":"https:\/\/flow.amirelion.com\/sv\/contact\/#breadcrumb","itemListElement":[{"@type":"ListItem","position":1,"name":"Home","item":"https:\/\/flow.amirelion.com\/sv\/"},{"@type":"ListItem","position":2,"name":"Contact"}]},{"@type":"WebSite","@id":"https:\/\/flow.amirelion.com\/#website","url":"https:\/\/flow.amirelion.com\/","name":"Flow - Shiatsu Stockholm","description":"Shiatsu Therapy","publisher":{"@id":"https:\/\/flow.amirelion.com\/#organization"},"potentialAction":[{"@type":"SearchAction","target":{"@type":"EntryPoint","urlTemplate":"https:\/\/flow.amirelion.com\/?s={search_term_string}"},"query-input":{"@type":"PropertyValueSpecification","valueRequired":true,"valueName":"search_term_string"}}],"inLanguage":"sv-SE"},{"@type":"Organization","@id":"https:\/\/flow.amirelion.com\/#organization","name":"Flow Shiatsu Therapy","url":"https:\/\/flow.amirelion.com\/","logo":{"@type":"ImageObject","inLanguage":"sv-SE","@id":"https:\/\/flow.amirelion.com\/#\/schema\/logo\/image\/","url":"https:\/\/flow.amirelion.com\/wp-content\/uploads\/2020\/07\/Flow-logo-small3.png","contentUrl":"https:\/\/flow.amirelion.com\/wp-content\/uploads\/2020\/07\/Flow-logo-small3.png","width":1640,"height":450,"caption":"Flow Shiatsu Therapy"},"image":{"@id":"https:\/\/flow.amirelion.com\/#\/schema\/logo\/image\/"}}]}},"_links":{"self":[{"href":"https:\/\/flow.amirelion.com\/sv\/wp-json\/wp\/v2\/pages\/1655","targetHints":{"allow":["GET"]}}],"collection":[{"href":"https:\/\/flow.amirelion.com\/sv\/wp-json\/wp\/v2\/pages"}],"about":[{"href":"https:\/\/flow.amirelion.com\/sv\/wp-json\/wp\/v2\/types\/page"}],"author":[{"embeddable":true,"href":"https:\/\/flow.amirelion.com\/sv\/wp-json\/wp\/v2\/users\/1"}],"replies":[{"embeddable":true,"href":"https:\/\/flow.amirelion.com\/sv\/wp-json\/wp\/v2\/comments?post=1655"}],"version-history":[{"count":29,"href":"https:\/\/flow.amirelion.com\/sv\/wp-json\/wp\/v2\/pages\/1655\/revisions"}],"predecessor-version":[{"id":2062,"href":"https:\/\/flow.amirelion.com\/sv\/wp-json\/wp\/v2\/pages\/1655\/revisions\/2062"}],"wp:attachment":[{"href":"https:\/\/flow.amirelion.com\/sv\/wp-json\/wp\/v2\/media?parent=1655"}],"curies":[{"name":"wp","href":"https:\/\/api.w.org\/{rel}","templated":true}]}}